{"id":712,"date":"2022-12-24T15:57:46","date_gmt":"2022-12-24T14:57:46","guid":{"rendered":"http:\/\/test.lit.dk\/?page_id=712"},"modified":"2023-03-20T11:49:57","modified_gmt":"2023-03-20T10:49:57","slug":"data-i-centrum","status":"publish","type":"page","link":"https:\/\/lit.dk\/?page_id=712","title":{"rendered":"Data i centrum"},"content":{"rendered":"\n<p class=\"has-text-align-left has-large-font-size\">Data er en central komponent og et vigtigt aktiv.<\/p>\n\n\n\n<p class=\"has-large-font-size\">Derfor skal der derfra s\u00e6ttes retning for, og redskaber til, en effektiv forvaltning<\/p>\n\n\n<div class=\"wp-block-image\">\n<figure class=\"aligncenter size-full is-resized has-custom-border\"><img loading=\"lazy\" decoding=\"async\" src=\"https:\/\/lit.dk\/wp-content\/uploads\/2022\/12\/data-i-centrum.png\" alt=\"\" class=\"wp-image-656\" style=\"border-style:none;border-width:0px\" width=\"600\" height=\"449\" srcset=\"https:\/\/lit.dk\/wp-content\/uploads\/2022\/12\/data-i-centrum.png 445w, https:\/\/lit.dk\/wp-content\/uploads\/2022\/12\/data-i-centrum-300x224.png 300w\" sizes=\"auto, (max-width: 600px) 100vw, 600px\" \/><figcaption class=\"wp-element-caption\">Lit&#8217;s syn p\u00e5 data management<\/figcaption><\/figure>\n<\/div>\n\n\n<p class=\"has-large-font-size\">Forst\u00e5elsen, kvaliteten og klassificering af data opn\u00e5s med en <strong><em>f\u00e6lles informationsmode<\/em><\/strong>l  og andre  <strong><em>metadata<\/em><\/strong>, som beskriver data i kontekst.<\/p>\n\n\n\n<p><\/p>\n\n\n\n<p><\/p>\n","protected":false},"excerpt":{"rendered":"<p>Data er en central komponent og et vigtigt aktiv. Derfor skal der derfra s\u00e6ttes retning for, og redskaber til, en effektiv forvaltning Forst\u00e5elsen, kvaliteten og klassificering af data opn\u00e5s med en f\u00e6lles informationsmodel og andre metadata, som beskriver data i kontekst.<\/p>\n","protected":false},"author":2,"featured_media":0,"parent":0,"menu_order":0,"comment_status":"closed","ping_status":"closed","template":"","meta":{"footnotes":""},"class_list":["post-712","page","type-page","status-publish","hentry","entry"],"_links":{"self":[{"href":"https:\/\/lit.dk\/index.php?rest_route=\/wp\/v2\/pages\/712","targetHints":{"allow":["GET"]}}],"collection":[{"href":"https:\/\/lit.dk\/index.php?rest_route=\/wp\/v2\/pages"}],"about":[{"href":"https:\/\/lit.dk\/index.php?rest_route=\/wp\/v2\/types\/page"}],"author":[{"embeddable":true,"href":"https:\/\/lit.dk\/index.php?rest_route=\/wp\/v2\/users\/2"}],"replies":[{"embeddable":true,"href":"https:\/\/lit.dk\/index.php?rest_route=%2Fwp%2Fv2%2Fcomments&post=712"}],"version-history":[{"count":14,"href":"https:\/\/lit.dk\/index.php?rest_route=\/wp\/v2\/pages\/712\/revisions"}],"predecessor-version":[{"id":826,"href":"https:\/\/lit.dk\/index.php?rest_route=\/wp\/v2\/pages\/712\/revisions\/826"}],"wp:attachment":[{"href":"https:\/\/lit.dk\/index.php?rest_route=%2Fwp%2Fv2%2Fmedia&parent=712"}],"curies":[{"name":"wp","href":"https:\/\/api.w.org\/{rel}","templated":true}]}}