{"id":207,"date":"2022-12-08T09:25:22","date_gmt":"2022-12-08T08:25:22","guid":{"rendered":"http:\/\/test.lit.dk\/?page_id=207"},"modified":"2022-12-24T09:51:35","modified_gmt":"2022-12-24T08:51:35","slug":"om-lit-dk","status":"publish","type":"page","link":"https:\/\/lit.dk\/?page_id=207","title":{"rendered":"Om &#8230;"},"content":{"rendered":"\n<h2 class=\"wp-block-heading\">Lit.dk og Jan Emil Larsen<\/h2>\n\n\n<p>Lit.dk er en personligt ejet virksomhed,&nbsp; som jeg bruger til at bringe min lange erfaring i spil igennem free-lance-aktiviteter som it-konsulent<\/p>\n<p>Jeg har arbejdet med IT siden 1982, og i adskillige roller, i&nbsp;de seneste 15 \u00e5r med fokus p\u00e5 informationsarkitektur.<\/p>\n<p>Du kan l\u00e6se detaljer herom p\u00e5 LinkedIn:&nbsp;<\/p>\n\n\n<ul class=\"wp-block-social-links aligncenter has-visible-labels is-style-pill-shape is-layout-flex wp-block-social-links-is-layout-flex\"><li class=\"wp-social-link wp-social-link-linkedin  wp-block-social-link\"><a rel=\"noopener nofollow\" target=\"_blank\" href=\"https:\/\/www.linkedin.com\/in\/janemillarsen\/\" class=\"wp-block-social-link-anchor\"><svg width=\"24\" height=\"24\" viewBox=\"0 0 24 24\" version=\"1.1\" xmlns=\"http:\/\/www.w3.org\/2000\/svg\" aria-hidden=\"true\" focusable=\"false\"><path d=\"M19.7,3H4.3C3.582,3,3,3.582,3,4.3v15.4C3,20.418,3.582,21,4.3,21h15.4c0.718,0,1.3-0.582,1.3-1.3V4.3 C21,3.582,20.418,3,19.7,3z M8.339,18.338H5.667v-8.59h2.672V18.338z M7.004,8.574c-0.857,0-1.549-0.694-1.549-1.548 c0-0.855,0.691-1.548,1.549-1.548c0.854,0,1.547,0.694,1.547,1.548C8.551,7.881,7.858,8.574,7.004,8.574z M18.339,18.338h-2.669 v-4.177c0-0.996-0.017-2.278-1.387-2.278c-1.389,0-1.601,1.086-1.601,2.206v4.249h-2.667v-8.59h2.559v1.174h0.037 c0.356-0.675,1.227-1.387,2.526-1.387c2.703,0,3.203,1.779,3.203,4.092V18.338z\"><\/path><\/svg><span class=\"wp-block-social-link-label\">LinkedIn<\/span><\/a><\/li><\/ul>\n\n\n<hr \/>\n<p>I 2009 blev jeg h\u00e6dret for mit arbejde med studieadministrative systemer<b><i>:<\/i><\/b><\/p>\n<p><img loading=\"lazy\" decoding=\"async\" class=\" wp-image-305 aligncenter\" src=\"http:\/\/test.lit.dk\/wp-content\/uploads\/2022\/12\/ACMAward-300x223.png\" alt=\"\" width=\"569\" height=\"423\" srcset=\"https:\/\/lit.dk\/wp-content\/uploads\/2022\/12\/ACMAward-300x223.png 300w, https:\/\/lit.dk\/wp-content\/uploads\/2022\/12\/ACMAward-768x572.png 768w, https:\/\/lit.dk\/wp-content\/uploads\/2022\/12\/ACMAward.png 827w\" sizes=\"auto, (max-width: 569px) 100vw, 569px\" \/><\/p>","protected":false},"excerpt":{"rendered":"<p>Lit.dk og Jan Emil Larsen Lit.dk er en personligt ejet virksomhed,&nbsp; som jeg bruger til at bringe min lange erfaring i spil igennem free-lance-aktiviteter som it-konsulent Jeg har arbejdet med IT siden 1982, og i adskillige roller, i&nbsp;de seneste 15 \u00e5r med fokus p\u00e5 informationsarkitektur. Du kan l\u00e6se detaljer herom p\u00e5 LinkedIn:&nbsp; I 2009 blev&hellip; <a class=\"more-link\" href=\"https:\/\/lit.dk\/?page_id=207\">L\u00e6s mere <span class=\"screen-reader-text\">Om &#8230;<\/span><\/a><\/p>\n","protected":false},"author":2,"featured_media":0,"parent":0,"menu_order":0,"comment_status":"closed","ping_status":"closed","template":"tw-no-title.php","meta":{"footnotes":""},"class_list":["post-207","page","type-page","status-publish","hentry","entry"],"_links":{"self":[{"href":"https:\/\/lit.dk\/index.php?rest_route=\/wp\/v2\/pages\/207","targetHints":{"allow":["GET"]}}],"collection":[{"href":"https:\/\/lit.dk\/index.php?rest_route=\/wp\/v2\/pages"}],"about":[{"href":"https:\/\/lit.dk\/index.php?rest_route=\/wp\/v2\/types\/page"}],"author":[{"embeddable":true,"href":"https:\/\/lit.dk\/index.php?rest_route=\/wp\/v2\/users\/2"}],"replies":[{"embeddable":true,"href":"https:\/\/lit.dk\/index.php?rest_route=%2Fwp%2Fv2%2Fcomments&post=207"}],"version-history":[{"count":23,"href":"https:\/\/lit.dk\/index.php?rest_route=\/wp\/v2\/pages\/207\/revisions"}],"predecessor-version":[{"id":667,"href":"https:\/\/lit.dk\/index.php?rest_route=\/wp\/v2\/pages\/207\/revisions\/667"}],"wp:attachment":[{"href":"https:\/\/lit.dk\/index.php?rest_route=%2Fwp%2Fv2%2Fmedia&parent=207"}],"curies":[{"name":"wp","href":"https:\/\/api.w.org\/{rel}","templated":true}]}}